{"id":175,"date":"2024-07-18T22:18:59","date_gmt":"2024-07-18T22:18:59","guid":{"rendered":"https:\/\/aydanoyuncaklar.com\/?post_type=product&#038;p=175"},"modified":"2024-07-18T22:19:00","modified_gmt":"2024-07-18T22:19:00","slug":"test-urun-1","status":"publish","type":"product","link":"https:\/\/aydanoyuncaklar.com\/?product=test-urun-1","title":{"rendered":"Test \u00dcr\u00fcn 1"},"content":{"rendered":"<p>Bez bebek, insan fig\u00fcr\u00fcnde yap\u0131lan bir \u00e7e\u015fit oyuncak. En eski oyuncaklar aras\u0131nda yer alan bez bebe\u011fe, 5. y\u00fczy\u0131l\u0131n ilk yar\u0131s\u0131nda Antik Roma&#8217;da bir \u00e7ocuk mezar\u0131nda da rastlanm\u0131\u015ft\u0131r. Wikimedia Commons&#8217;ta Bez bebek ile ilgili ortam dosyalar\u0131 bulunmaktad\u0131r.<br \/>\nT\u00dcRK K\u00dcLT\u00dcR\u00dcNDE GELENEKSEL BEZ BEBEKLER<br \/>\nTraditional Cloth Dolls in Turkish Culture<br \/>\nHACER NURG\u00dcL BEG\u0130\u00c7*<br \/>\nMakale G\u00f6nderim:<br \/>\n01.08.2016<br \/>\nKabul Tarihi:<br \/>\n18.12.2016<br \/>\n\u00d6z: \u0130nsanl\u0131k tarihi ile birlikte var oldu\u011fu d\u00fc\u015f\u00fcn\u00fclen oyuncak,<br \/>\ni\u015flevlerinin \u00e7oklu\u011fu ile dikkat \u00e7ekmektedir. \u00c7ocuklar\u0131 e\u011flenme, bo\u015f zamanlar\u0131<br \/>\nde\u011ferlendirme, oyalama, e\u011fitme, d\u00fc\u015f\u00fcnmeye y\u00f6neltme, yarat\u0131c\u0131l\u0131k y\u00f6nlerini<br \/>\ngeli\u015ftirme, sosyalle\u015ftirme ve gelecekte alaca\u011f\u0131 rollere haz\u0131rlama gibi bir\u00e7ok<br \/>\ni\u015flevi yerine getirmektedir. \u00c7ocuk oyunlar\u0131n\u0131n ayr\u0131lmaz par\u00e7as\u0131 olan<br \/>\noyuncaklar, \u00e7ocuklar\u0131n k\u00fclt\u00fcrlenmesi ve sosyo-k\u00fclt\u00fcrel d\u00fczenin korunarak<br \/>\ns\u00fcrd\u00fcr\u00fclmesi i\u00e7in birer ara\u00e7t\u0131r. B\u00fcy\u00fcd\u00fcklerinde alacaklar\u0131 toplumsal role<br \/>\nprova mahiyetindeki oyunlardaki ara\u00e7lar\u0131d\u0131r.<br \/>\nBa\u015flang\u0131\u00e7ta tap\u0131nma amac\u0131yla yap\u0131lan objeler zaman i\u00e7inde<br \/>\n\u00e7ocuklar\u0131n kulland\u0131\u011f\u0131 oyuncaklar haline gelmi\u015ftir. Tarihsel geli\u015fime<br \/>\nbak\u0131ld\u0131\u011f\u0131nda ait oldu\u011fu d\u00f6nemin \u00f6zelliklerini yans\u0131tan oyuncaklar \u00f6nceleri<br \/>\nta\u015f, kil, kemik, boynuz gibi maddelerden daha sonra ah\u015fap, tekstil, seramik,<br \/>\nmetal ve plastikten \u00fcretilmi\u015ftir. \u0130nsan\u0131n kendisini kopya etmesiyle ba\u015flayan<br \/>\ns\u00fcre\u00e7 daha sonra bebek objelerin yap\u0131lmas\u0131yla geli\u015ftirilmi\u015ftir. D\u00fcnyan\u0131n<br \/>\nbir\u00e7ok yerinde \u00f6nceleri evlerde daha sonra at\u00f6lyelerde ve sanayile\u015fme ile<br \/>\nfabrikalarda seri olarak \u00fcretilen oyuncaklar ekonominin i\u00e7inde \u00f6nemli bir<br \/>\nyere oturmu\u015ftur. Bu geli\u015fmelere ra\u011fmen T\u00fcrk toplumunda aile i\u00e7inde<br \/>\n\u00e7ocuklar\u0131n oyuncaklar\u0131 elde \u00fcretilmi\u015ftir. G\u00fcn\u00fcm\u00fczde az da olsa Anadolu\u2019nun<br \/>\nbir\u00e7ok yerinde anneler \u00e7ocuklar\u0131 i\u00e7in elinin alt\u0131nda bulunan malzemelerden<br \/>\nbez bebek yapmay\u0131 s\u00fcrd\u00fcrmektedir. Bu gelenek ku\u015faklar aras\u0131nda ta\u015f\u0131narak<br \/>\ng\u00fcn\u00fcm\u00fcze kadar ula\u015fm\u0131\u015ft\u0131r. Turizmin geli\u015fmesi ve \u00e7e\u015fitlenmesi ile birlikte<br \/>\nfarkl\u0131 k\u00fclt\u00fcrlere olan ilgi y\u00f6resel bez bebeklerin \u00fcretilmesi ve tan\u0131t\u0131lmas\u0131<br \/>\ngereklili\u011fini ortaya \u00e7\u0131karm\u0131\u015ft\u0131r. Anadolu\u2019nun bir\u00e7ok yerinde el yap\u0131m\u0131<br \/>\nbebekler y\u00f6resel giysiler giydirilerek hediyelik e\u015fya olarak turistik ama\u00e7la<br \/>\npazarlanmaya ba\u015flanm\u0131\u015ft\u0131r. B\u00f6ylece bir taraftan el yap\u0131m\u0131 bebekler<br \/>\nunutulmam\u0131\u015f, bir taraftan da T\u00fcrk k\u00fclt\u00fcr zenginli\u011fi tan\u0131t\u0131lm\u0131\u015ft\u0131r.<\/p>\n","protected":false},"excerpt":{"rendered":"<p>Bu geli\u015fmelere ra\u011fmen T\u00fcrk toplumunda aile i\u00e7inde<br \/>\n\u00e7ocuklar\u0131n oyuncaklar\u0131 elde \u00fcretilmi\u015ftir. G\u00fcn\u00fcm\u00fczde az da olsa Anadolu\u2019nun<br \/>\nbir\u00e7ok yerinde anneler \u00e7ocuklar\u0131 i\u00e7in elinin alt\u0131nda bulunan malzemelerden<br \/>\nbez bebek yapmay\u0131 s\u00fcrd\u00fcrmektedir<\/p>\n","protected":false},"featured_media":176,"comment_status":"open","ping_status":"closed","template":"","meta":{"_kad_post_transparent":"default","_kad_post_title":"","_kad_post_layout":"default","_kad_post_sidebar_id":"","_kad_post_content_style":"default","_kad_post_vertical_padding":"default","_kad_post_feature":"","_kad_post_feature_position":"","_kad_post_header":false,"_kad_post_footer":false},"product_cat":[15,27,29,34,25,38,24,47,31,37,30,35,28,32,33,39,26,36],"product_tag":[50],"class_list":{"0":"post-175","1":"product","2":"type-product","3":"status-publish","4":"has-post-thumbnail","6":"product_cat-genel","7":"product_cat-3d-figur","8":"product_cat-ahsap-figur","9":"product_cat-bez","10":"product_cat-deney-seti","11":"product_cat-egitici-aktivite","12":"product_cat-egiticii-setler","13":"product_cat-firsat-urunleri","14":"product_cat-klasik-logo","15":"product_cat-klasik-set","16":"product_cat-logo","17":"product_cat-pelus","18":"product_cat-tasarim-kahraman","19":"product_cat-tasarim-logo","20":"product_cat-uyku-arkadasi","21":"product_cat-yap-boz","22":"product_cat-yeni-bulus-seti","23":"product_cat-zeka-oyunlari","24":"product_tag-bez-bebek","26":"first","27":"instock","28":"sale","29":"shipping-taxable","30":"purchasable","31":"product-type-simple","32":"entry","33":"content-bg","34":"loop-entry"},"_links":{"self":[{"href":"https:\/\/aydanoyuncaklar.com\/index.php?rest_route=\/wp\/v2\/product\/175","targetHints":{"allow":["GET"]}}],"collection":[{"href":"https:\/\/aydanoyuncaklar.com\/index.php?rest_route=\/wp\/v2\/product"}],"about":[{"href":"https:\/\/aydanoyuncaklar.com\/index.php?rest_route=\/wp\/v2\/types\/product"}],"replies":[{"embeddable":true,"href":"https:\/\/aydanoyuncaklar.com\/index.php?rest_route=%2Fwp%2Fv2%2Fcomments&post=175"}],"wp:featuredmedia":[{"embeddable":true,"href":"https:\/\/aydanoyuncaklar.com\/index.php?rest_route=\/wp\/v2\/media\/176"}],"wp:attachment":[{"href":"https:\/\/aydanoyuncaklar.com\/index.php?rest_route=%2Fwp%2Fv2%2Fmedia&parent=175"}],"wp:term":[{"taxonomy":"product_cat","embeddable":true,"href":"https:\/\/aydanoyuncaklar.com\/index.php?rest_route=%2Fwp%2Fv2%2Fproduct_cat&post=175"},{"taxonomy":"product_tag","embeddable":true,"href":"https:\/\/aydanoyuncaklar.com\/index.php?rest_route=%2Fwp%2Fv2%2Fproduct_tag&post=175"}],"curies":[{"name":"wp","href":"https:\/\/api.w.org\/{rel}","templated":true}]}}