{"id":143,"date":"2024-07-07T19:10:39","date_gmt":"2024-07-07T19:10:39","guid":{"rendered":"https:\/\/aydanoyuncaklar.com\/?page_id=143"},"modified":"2024-07-07T19:10:40","modified_gmt":"2024-07-07T19:10:40","slug":"misyonumuz","status":"publish","type":"page","link":"https:\/\/aydanoyuncaklar.com\/?page_id=143","title":{"rendered":"Misyonumuz"},"content":{"rendered":"\n<p>Aydanoyuncaklar.com olarak, \u00e7ocuklar\u0131n hayal g\u00fcc\u00fcn\u00fc ve \u00f6\u011frenme yeteneklerini geli\u015ftiren, e\u011flenceli ve g\u00fcvenli oyuncaklar\u0131 sizlere sunmay\u0131 misyon edindik. Amac\u0131m\u0131z, ailelerin g\u00fcvenle tercih edebilece\u011fi kaliteli oyuncaklar ile \u00e7ocuklar\u0131n geli\u015fimine katk\u0131da bulunmak ve onlar\u0131n mutlu anlar\u0131na ortak olmakt\u0131r.<\/p>\n\n\n\n<p>Her \u00e7ocu\u011fun benzersiz oldu\u011funu ve oyunun onlar\u0131n d\u00fcnyas\u0131nda \u00f6nemli bir yer kaplad\u0131\u011f\u0131n\u0131 biliyoruz. Bu nedenle, \u00fcr\u00fcnlerimizi titizlikle se\u00e7iyor ve \u00e7ocuklar\u0131n sa\u011fl\u0131\u011f\u0131na uygun, yarat\u0131c\u0131 ve e\u011fitici oyuncaklar sunmaya \u00f6zen g\u00f6steriyoruz.<\/p>\n\n\n\n<p>M\u00fc\u015fteri memnuniyetini her zaman \u00f6n planda tutarak, al\u0131\u015fveri\u015f deneyiminizi en iyi \u015fekilde ya\u015faman\u0131z i\u00e7in \u00e7al\u0131\u015f\u0131yoruz. Eyl\u00fcl 2024&#8217;te aktif sat\u0131\u015fa ge\u00e7ece\u011fimiz e-ticaret sitemizde sizlerle bulu\u015fmay\u0131 heyecanla bekliyoruz. Bu s\u00fcre zarf\u0131nda dijital platformlarda sizlerle ileti\u015fimde kalmaya devam edece\u011fiz.<\/p>\n\n\n\n<p>Aydanoyuncaklar.com Ekibi<\/p>\n","protected":false},"excerpt":{"rendered":"<p>Aydanoyuncaklar.com olarak, \u00e7ocuklar\u0131n hayal g\u00fcc\u00fcn\u00fc ve \u00f6\u011frenme yeteneklerini geli\u015ftiren, e\u011flenceli ve g\u00fcvenli oyuncaklar\u0131 sizlere sunmay\u0131 misyon edindik. Amac\u0131m\u0131z, ailelerin g\u00fcvenle tercih edebilece\u011fi kaliteli oyuncaklar ile \u00e7ocuklar\u0131n geli\u015fimine katk\u0131da bulunmak ve onlar\u0131n mutlu anlar\u0131na ortak olmakt\u0131r. Her \u00e7ocu\u011fun benzersiz oldu\u011funu ve oyunun onlar\u0131n d\u00fcnyas\u0131nda \u00f6nemli bir yer kaplad\u0131\u011f\u0131n\u0131 biliyoruz. Bu nedenle, \u00fcr\u00fcnlerimizi titizlikle se\u00e7iyor ve \u00e7ocuklar\u0131n&#8230;<\/p>\n","protected":false},"author":1,"featured_media":0,"parent":0,"menu_order":0,"comment_status":"closed","ping_status":"closed","template":"","meta":{"_kad_post_transparent":"","_kad_post_title":"","_kad_post_layout":"","_kad_post_sidebar_id":"","_kad_post_content_style":"","_kad_post_vertical_padding":"","_kad_post_feature":"","_kad_post_feature_position":"","_kad_post_header":false,"_kad_post_footer":false,"footnotes":""},"class_list":["post-143","page","type-page","status-publish","hentry"],"_links":{"self":[{"href":"https:\/\/aydanoyuncaklar.com\/index.php?rest_route=\/wp\/v2\/pages\/143","targetHints":{"allow":["GET"]}}],"collection":[{"href":"https:\/\/aydanoyuncaklar.com\/index.php?rest_route=\/wp\/v2\/pages"}],"about":[{"href":"https:\/\/aydanoyuncaklar.com\/index.php?rest_route=\/wp\/v2\/types\/page"}],"author":[{"embeddable":true,"href":"https:\/\/aydanoyuncaklar.com\/index.php?rest_route=\/wp\/v2\/users\/1"}],"replies":[{"embeddable":true,"href":"https:\/\/aydanoyuncaklar.com\/index.php?rest_route=%2Fwp%2Fv2%2Fcomments&post=143"}],"version-history":[{"count":1,"href":"https:\/\/aydanoyuncaklar.com\/index.php?rest_route=\/wp\/v2\/pages\/143\/revisions"}],"predecessor-version":[{"id":144,"href":"https:\/\/aydanoyuncaklar.com\/index.php?rest_route=\/wp\/v2\/pages\/143\/revisions\/144"}],"wp:attachment":[{"href":"https:\/\/aydanoyuncaklar.com\/index.php?rest_route=%2Fwp%2Fv2%2Fmedia&parent=143"}],"curies":[{"name":"wp","href":"https:\/\/api.w.org\/{rel}","templated":true}]}}